{"id":5796,"date":"2024-12-22T10:16:00","date_gmt":"2024-12-22T07:16:00","guid":{"rendered":"https:\/\/healthyprotein.com\/terms-of-use\/"},"modified":"2025-01-29T17:12:14","modified_gmt":"2025-01-29T14:12:14","slug":"kasutustingimused","status":"publish","type":"page","link":"https:\/\/healthyprotein.com\/et\/kasutustingimused\/","title":{"rendered":"Kasutustingimused"},"content":{"rendered":"\t\t<div data-elementor-type=\"wp-page\" data-elementor-id=\"5796\" class=\"elementor elementor-5796 elementor-4828\" data-elementor-post-type=\"page\">\n\t\t\t\t<div class=\"elementor-element elementor-element-eb00e16 e-flex e-con-boxed e-con e-parent\" data-id=\"eb00e16\" data-element_type=\"container\" data-e-type=\"container\">\n\t\t\t\t\t<div class=\"e-con-inner\">\n\t\t\t\t<div class=\"elementor-element elementor-element-96561ab elementor-widget elementor-widget-heading\" data-id=\"96561ab\" data-element_type=\"widget\" data-e-type=\"widget\" data-widget_type=\"heading.default\">\n\t\t\t\t<div class=\"elementor-widget-container\">\n\t\t\t\t\t<h1 class=\"elementor-heading-title elementor-size-default\">Kasutustingimused<\/h1>\t\t\t\t<\/div>\n\t\t\t\t<\/div>\n\t\t\t\t<div class=\"elementor-element elementor-element-269d3eb elementor-widget elementor-widget-text-editor\" data-id=\"269d3eb\" data-element_type=\"widget\" data-e-type=\"widget\" data-widget_type=\"text-editor.default\">\n\t\t\t\t<div class=\"elementor-widget-container\">\n\t\t\t\t\t\t\t\t\t<p><b>J\u00f5ustumiskuup\u00e4ev:<\/b><span style=\"font-weight: 400;\"> 10.01.2025<\/span><\/p><p>\u00a0<\/p><p><span style=\"font-weight: 400;\">Tere tulemast Healthy Proteini! Meie veebisaidile sisenedes v\u00f5i seda kasutades n\u00f5ustute kinni pidama ja j\u00e4rgima j\u00e4rgnevaid kasutustingimusi. Kui te nende tingimustega ei n\u00f5ustu, ei ole teil \u00f5igust meie veebisaiti kasutada.<\/span><\/p><p><br \/><br \/><\/p><ol><li><b> Healthy Protein veebisaidi kasutamine<\/b><\/li><\/ol><p>\u00a0<\/p><p><span style=\"font-weight: 400;\">Healthy Protein veebisait pakub retsepte, toitumisalast teavet retseptide kohta ja toiduvalmistamise n\u00e4pun\u00e4iteid ainult isiklikuks, mitte\u00e4riliseks kasutamiseks.\u00a0<\/span><\/p><p>\u00a0<\/p><p><b>Lubatud on:<\/b><\/p><ul><li style=\"font-weight: 400;\" aria-level=\"1\"><span style=\"font-weight: 400;\">Sisu vaatamine ja sellele juurdep\u00e4\u00e4s oma isiklikel, informatiivsetel eesm\u00e4rkidel.<\/span><\/li><li style=\"font-weight: 400;\" aria-level=\"1\"><span style=\"font-weight: 400;\">Printida v\u00f5i salvestada retseptid isiklikuks kasutamiseks.<\/span><\/li><\/ul><p>\u00a0<\/p><p><b>Lubatud ei ole:<\/b><\/p><ul><li style=\"font-weight: 400;\" aria-level=\"1\"><span style=\"font-weight: 400;\">Paljundada, levitada v\u00f5i avalikult kuvada sisu ilma Healthy Protein O\u00dc eelneva kirjaliku n\u00f5usolekuta.<\/span><\/li><li style=\"font-weight: 400;\" aria-level=\"1\"><span style=\"font-weight: 400;\">Kasutada meie sisu \u00e4rilistel eesm\u00e4rkidel ilma Healthy Protein O\u00dc loata.<\/span><\/li><li style=\"font-weight: 400;\" aria-level=\"1\"><span style=\"font-weight: 400;\">Osaleda mistahes tegevuses, mis v\u00f5ib kahjustada v\u00f5i h\u00e4irida meie veebisaiti v\u00f5i teenuseid.<\/span><\/li><\/ul><p>\u00a0<\/p><ol start=\"2\"><li><b> Vastutusest lahti\u00fctlemine veebisaidil oleva sisu eest<\/b><\/li><\/ol><p>\u00a0<\/p><p><span style=\"font-weight: 400;\">Kuigi me p\u00fc\u00fcame tagada, et Healthy Protein O\u00dc veebisaidil esitatud teave oleks t\u00e4pne ja ajakohane, ei anna me garantiid seoses:<\/span><\/p><p>\u00a0<\/p><ul><li style=\"font-weight: 400;\" aria-level=\"1\"><span style=\"font-weight: 400;\">Retseptide toitumisalase teabe t\u00e4psuses.<\/span><\/li><li style=\"font-weight: 400;\" aria-level=\"1\"><span style=\"font-weight: 400;\">Retseptide sobivuse eest teie toitumisvajadustele.<\/span><\/li><li style=\"font-weight: 400;\" aria-level=\"1\"><span style=\"font-weight: 400;\">Mis tahes teabe v\u00f5i sisu t\u00e4ielikkuses, usaldusv\u00e4\u00e4rsuses v\u00f5i \u00f5igeaegsuses.<\/span><\/li><li style=\"font-weight: 400;\" aria-level=\"1\"><span style=\"font-weight: 400;\">Et veebisait t\u00f6\u00f6taks veatult ja katkestusteta.<\/span><\/li><\/ul><p>\u00a0<\/p><p><span style=\"font-weight: 400;\">Sisu on loodud ja m\u00f5eldud ainult informatiivseks eesm\u00e4rgiks. Konsulteerige alati tervishoiut\u00f6\u00f6taja v\u00f5i litsentseeritud toitumisn\u00f5ustajaga, et saada isikup\u00e4rastatud ja teile sobivaid toitumisn\u00f5uandeid. Healthy Protein ei vastuta mistahes kahjulike m\u00f5jude eest, mis tulenevad v\u00f5i v\u00f5ivad tuleneda saidil olevate retseptide v\u00f5i muu teabe kasutamisest.<\/span><\/p><p>\u00a0<\/p><ol start=\"3\"><li><b> Intellektuaalomand<\/b><\/li><\/ol><p>\u00a0<\/p><p><span style=\"font-weight: 400;\">Kogu Healthy Proteini veebisaidil olev sisu, sealhulgas retseptid, tekstid, pildid, videod ja graafika, on ettev\u00f5tte Healthy Protein v\u00f5i selle litsentsiandjate intellektuaalomand, kui just eraldi pole intellektuaalomandi juures m\u00e4rgitud teisiti. Selle sisu volitamata kasutamine on keelatud ja v\u00f5ib rikkuda autori\u00f5igusi, kaubam\u00e4rke ja muid seadusi.<\/span><\/p><p>\u00a0<\/p><p><b>Lubatud on:<\/b><\/p><ul><li style=\"font-weight: 400;\" aria-level=\"1\"><span style=\"font-weight: 400;\">Vaadata ja printida retsepte isiklikuks kasutamiseks.<\/span><\/li><li style=\"font-weight: 400;\" aria-level=\"1\"><span style=\"font-weight: 400;\">Jagada veebisaidi linke sotsiaalmeedias v\u00f5i muudel platvormidel, eeldusel, et nimetate allikaks Healthy Proteini.<\/span><\/li><\/ul><p><b>Lubatud ei ole:<\/b><\/p><ul><li style=\"font-weight: 400;\" aria-level=\"1\"><span style=\"font-weight: 400;\">Reprodutseerida, levitada v\u00f5i muul moel \u00e4riliselt \u00e4ra kasutada mis tahes Healthy Proteini veebisaidi sisu ilma Healthy Protein O\u00dc eelneva loata.<\/span><\/li><li style=\"font-weight: 400;\" aria-level=\"1\"><span style=\"font-weight: 400;\">Luua veebisaidi sisu p\u00f5hjal tuletatud teoseid.<\/span><\/li><\/ul><p>\u00a0<\/p><ol start=\"4\"><li><b> Kasutaja loodud sisu<\/b><\/li><\/ol><p>\u00a0<\/p><p><span style=\"font-weight: 400;\">Kui saadate ettev\u00f5ttele Healthy Protein O\u00dc kommentaare, tagasisidet v\u00f5i muid materjale (&#8220;kasutajasisu&#8221;), annate meile mitteeksklusiivse, kasutustasuta, \u00fclemaailmse ja alalise litsentsi sellise sisu kasutamiseks, muutmiseks, reprodutseerimiseks ja kuvamise eesm\u00e4rkideks.\u00a0<\/span><\/p><p>\u00a0<\/p><p><b>N\u00f5ustute mitte esitama:<\/b><\/p><ul><li style=\"font-weight: 400;\" aria-level=\"1\"><span style=\"font-weight: 400;\">Sisu, mis on laimav, solvav v\u00f5i ebaseaduslik.<\/span><\/li><li style=\"font-weight: 400;\" aria-level=\"1\"><span style=\"font-weight: 400;\">Sisu, mis rikub kolmandate osapoolte \u00f5igusi, sealhulgas intellektuaalomandi \u00f5igusi.<\/span><\/li><\/ul><p>\u00a0<\/p><p><span style=\"font-weight: 400;\">Healthy Protein j\u00e4tab endale \u00f5iguse eemaldada kasutaja esitatud sisu vastavalt oma \u00e4ran\u00e4gemise j\u00e4rgi.<\/span><\/p><p>\u00a0<\/p><ol start=\"5\"><li><b> Reklaamid ja kolmandate isikute lingid<\/b><\/li><\/ol><p>\u00a0<\/p><p><span style=\"font-weight: 400;\">Healthy Proteini veebisait v\u00f5ib sisaldada reklaame ja linke kolmandate osapoolte veebisaitidele. Healthy Protein ei vastuta nende kolmandate osapoolte linkide t\u00e4psuse, sisu ega tegevuste eest. Kolmandate osapoolte linkidel kl\u00f5psamine v\u00f5i reklaamidega tutvumine ja tegelemine on puhtalt teie enda vastutusel ning arvestama peab, et nende kolmandate osapoolte veebisaitide ja linkide sisu reguleerivad nende enda eraldiseisvad kasutustingimused ja privaatsuspoliitika.<\/span><\/p><p>\u00a0<\/p><ol start=\"6\"><li><b> Vastutuse piirang<\/b><\/li><\/ol><p>\u00a0<\/p><p><span style=\"font-weight: 400;\">Healthy Protein O\u00dc ja selle sidusettev\u00f5tted, partnerid ja panustajad ei vastuta kuni seadusega lubatud m\u00e4\u00e4ras otsese, kaudse v\u00f5i juhusliku kahju eest., mis v\u00f5ib tuleneda:<\/span><\/p><p>\u00a0<\/p><ul><li style=\"font-weight: 400;\" aria-level=\"1\"><span style=\"font-weight: 400;\">Healthy Proteini veebisaidi kasutamisest v\u00f5i oskamatusest seda kasutada.<\/span><\/li><li style=\"font-weight: 400;\" aria-level=\"1\"><span style=\"font-weight: 400;\">Healthy Proteini veebisaidi sisus olevate vigade, v\u00e4ljaj\u00e4tmiste v\u00f5i ebat\u00e4psuste eest.<\/span><\/li><li style=\"font-weight: 400;\" aria-level=\"1\"><span style=\"font-weight: 400;\">Igasuguse volitamata juurdep\u00e4\u00e4sust meie serveritele ja andmetele v\u00f5i nende kasutamise v\u00f5i muutmise eest.<\/span><\/li><li style=\"font-weight: 400;\" aria-level=\"1\"><span style=\"font-weight: 400;\">Veebisaidil olevate retseptide valmistamisest v\u00f5i tarbimisest tulenevatest tervise- v\u00f5i toitumisprobleemidest.<\/span><\/li><\/ul><p>\u00a0<\/p><ol start=\"7\"><li><b> Tingimuste muudatused<\/b><\/li><\/ol><p>\u00a0<\/p><p><span style=\"font-weight: 400;\">N\u00f5ustute, et Healthy Protein O\u00dc v\u00f5ib neid kasutustingimusi igal ajal ilma ette teatamata uuendada ja muuta. Healthy Proteini veebisaidi kasutamist j\u00e4tkates n\u00f5ustute uuendatud kasutustingimustega. Soovitame teil kasutustingimusi regulaarselt \u00fcle vaadata, et olla kursis v\u00f5imalike muudatustega.<\/span><\/p><p>\u00a0<\/p><ol start=\"8\"><li><b> Kohaldatav seadus<\/b><\/li><\/ol><p>\u00a0<\/p><p><span style=\"font-weight: 400;\">K\u00e4esolevaid kasutustingimusi reguleerivad ja koostatakse koosk\u00f5las Eesti Vabariigi seadustega.<\/span><\/p><p>\u00a0<\/p><ol start=\"9\"><li><b> Kontakt<\/b><\/li><\/ol><p>\u00a0<\/p><p><span style=\"font-weight: 400;\">Kui teil on nende kasutustingimuste kohta k\u00fcsimusi v\u00f5i muresid, v\u00f5tke meiega \u00fchendust aadressil hello@healthyprotein.com.<\/span><\/p><p><\/p>\t\t\t\t\t\t\t\t<\/div>\n\t\t\t\t<\/div>\n\t\t\t\t\t<\/div>\n\t\t\t\t<\/div>\n\t\t\t\t<\/div>\n\t\t","protected":false},"excerpt":{"rendered":"<p>Kasutustingimused J\u00f5ustumiskuup\u00e4ev: 10.01.2025 \u00a0 Tere tulemast Healthy Proteini! Meie veebisaidile sisenedes v\u00f5i seda kasutades n\u00f5ustute kinni pidama ja j\u00e4rgima j\u00e4rgnevaid kasutustingimusi. Kui te nende tingimustega ei n\u00f5ustu, ei ole teil \u00f5igust meie veebisaiti kasutada. Healthy Protein veebisaidi kasutamine \u00a0 Healthy Protein veebisait pakub retsepte, toitumisalast teavet retseptide kohta ja toiduvalmistamise n\u00e4pun\u00e4iteid ainult isiklikuks, mitte\u00e4riliseks kasutamiseks.\u00a0 [&hellip;]<\/p>\n","protected":false},"author":2,"featured_media":0,"parent":0,"menu_order":0,"comment_status":"closed","ping_status":"closed","template":"","meta":{"wprm-recipe-roundup-name":"","wprm-recipe-roundup-description":"","footnotes":""},"class_list":["post-5796","page","type-page","status-publish","hentry"],"_links":{"self":[{"href":"https:\/\/healthyprotein.com\/et\/wp-json\/wp\/v2\/pages\/5796","targetHints":{"allow":["GET"]}}],"collection":[{"href":"https:\/\/healthyprotein.com\/et\/wp-json\/wp\/v2\/pages"}],"about":[{"href":"https:\/\/healthyprotein.com\/et\/wp-json\/wp\/v2\/types\/page"}],"author":[{"embeddable":true,"href":"https:\/\/healthyprotein.com\/et\/wp-json\/wp\/v2\/users\/2"}],"replies":[{"embeddable":true,"href":"https:\/\/healthyprotein.com\/et\/wp-json\/wp\/v2\/comments?post=5796"}],"version-history":[{"count":0,"href":"https:\/\/healthyprotein.com\/et\/wp-json\/wp\/v2\/pages\/5796\/revisions"}],"wp:attachment":[{"href":"https:\/\/healthyprotein.com\/et\/wp-json\/wp\/v2\/media?parent=5796"}],"curies":[{"name":"wp","href":"https:\/\/api.w.org\/{rel}","templated":true}]}}