{"id":5208,"date":"2024-08-16T14:40:34","date_gmt":"2024-08-16T11:40:34","guid":{"rendered":"https:\/\/healthyprotein.com\/about-us\/"},"modified":"2025-02-06T18:02:24","modified_gmt":"2025-02-06T15:02:24","slug":"meist","status":"publish","type":"page","link":"https:\/\/healthyprotein.com\/et\/meist\/","title":{"rendered":"Meist"},"content":{"rendered":"\t\t<div data-elementor-type=\"wp-page\" data-elementor-id=\"5208\" class=\"elementor elementor-5208 elementor-198\" data-elementor-post-type=\"page\">\n\t\t\t\t<div class=\"elementor-element elementor-element-7cf87bf e-flex e-con-boxed e-con e-parent\" data-id=\"7cf87bf\" data-element_type=\"container\" data-e-type=\"container\">\n\t\t\t\t\t<div class=\"e-con-inner\">\n\t\t\t\t<div class=\"elementor-element elementor-element-32056dd elementor-widget elementor-widget-heading\" data-id=\"32056dd\" data-element_type=\"widget\" data-e-type=\"widget\" data-widget_type=\"heading.default\">\n\t\t\t\t<div class=\"elementor-widget-container\">\n\t\t\t\t\t<h1 class=\"elementor-heading-title elementor-size-default\">Meist<\/h1>\t\t\t\t<\/div>\n\t\t\t\t<\/div>\n\t\t\t\t<div class=\"elementor-element elementor-element-03c0d29 elementor-widget elementor-widget-text-editor\" data-id=\"03c0d29\" data-element_type=\"widget\" data-e-type=\"widget\" data-widget_type=\"text-editor.default\">\n\t\t\t\t<div class=\"elementor-widget-container\">\n\t\t\t\t\t\t\t\t\t<p>Toiduvalmistamine ei pea olema keeruline, aegan\u00f5udev ega kallis. Healthy Proteinis usume, et isegi v\u00e4hese juhendamisega suudab iga\u00fcks h\u00e4sti kokata ja valmistada maitsvaid ja v\u00e4rskeid eineid igaks olukorraks. Olenemata sellest, kas soovite s\u00fc\u00fca tervislikumalt, m\u00f5ista paremini toitev\u00e4\u00e4rtusi, v\u00f5i lihtsalt leida inspiratsiooni oma j\u00e4rgmiseks toidukorraks, olete \u00f5iges kohas! Healthy Protein on siin selleks, et aidata teil toiduvalmistamine muuta lihtsaks, taskukohaseks ja tervislikuks, ilma tegemata ohverdusi maitses v\u00f5i kvaliteedis.<\/p>\t\t\t\t\t\t\t\t<\/div>\n\t\t\t\t<\/div>\n\t\t\t\t<div class=\"elementor-element elementor-element-0e6c389 elementor-widget elementor-widget-text-editor\" data-id=\"0e6c389\" data-element_type=\"widget\" data-e-type=\"widget\" data-widget_type=\"text-editor.default\">\n\t\t\t\t<div class=\"elementor-widget-container\">\n\t\t\t\t\t\t\t\t\t<p><strong>J\u00e4lgi meid sotsiaalmeedias ja n\u00e4ed esimesena uusi retsepte<\/strong><\/p>\t\t\t\t\t\t\t\t<\/div>\n\t\t\t\t<\/div>\n\t\t\t\t<div class=\"elementor-element elementor-element-4cf0ec1 elementor-shape-square e-grid-align-left elementor-grid-0 elementor-widget elementor-widget-social-icons\" data-id=\"4cf0ec1\" data-element_type=\"widget\" data-e-type=\"widget\" data-widget_type=\"social-icons.default\">\n\t\t\t\t<div class=\"elementor-widget-container\">\n\t\t\t\t\t\t\t<div class=\"elementor-social-icons-wrapper elementor-grid\" role=\"list\">\n\t\t\t\t\t\t\t<span class=\"elementor-grid-item\" role=\"listitem\">\n\t\t\t\t\t<a class=\"elementor-icon elementor-social-icon elementor-social-icon-youtube elementor-repeater-item-a228997\" href=\"https:\/\/www.youtube.com\/@HealthyProtein\" target=\"_blank\" rel=\"noopener\">\n\t\t\t\t\t\t<span class=\"elementor-screen-only\">Youtube<\/span>\n\t\t\t\t\t\t<svg aria-hidden=\"true\" class=\"e-font-icon-svg e-fab-youtube\" viewBox=\"0 0 576 512\" xmlns=\"http:\/\/www.w3.org\/2000\/svg\"><path d=\"M549.655 124.083c-6.281-23.65-24.787-42.276-48.284-48.597C458.781 64 288 64 288 64S117.22 64 74.629 75.486c-23.497 6.322-42.003 24.947-48.284 48.597-11.412 42.867-11.412 132.305-11.412 132.305s0 89.438 11.412 132.305c6.281 23.65 24.787 41.5 48.284 47.821C117.22 448 288 448 288 448s170.78 0 213.371-11.486c23.497-6.321 42.003-24.171 48.284-47.821 11.412-42.867 11.412-132.305 11.412-132.305s0-89.438-11.412-132.305zm-317.51 213.508V175.185l142.739 81.205-142.739 81.201z\"><\/path><\/svg>\t\t\t\t\t<\/a>\n\t\t\t\t<\/span>\n\t\t\t\t\t\t\t<span class=\"elementor-grid-item\" role=\"listitem\">\n\t\t\t\t\t<a class=\"elementor-icon elementor-social-icon elementor-social-icon-tiktok elementor-repeater-item-5ee3a33\" href=\"https:\/\/www.tiktok.com\/@healthyproteincom\" target=\"_blank\" rel=\"noopener\">\n\t\t\t\t\t\t<span class=\"elementor-screen-only\">Tiktok<\/span>\n\t\t\t\t\t\t<svg aria-hidden=\"true\" class=\"e-font-icon-svg e-fab-tiktok\" viewBox=\"0 0 448 512\" xmlns=\"http:\/\/www.w3.org\/2000\/svg\"><path d=\"M448,209.91a210.06,210.06,0,0,1-122.77-39.25V349.38A162.55,162.55,0,1,1,185,188.31V278.2a74.62,74.62,0,1,0,52.23,71.18V0l88,0a121.18,121.18,0,0,0,1.86,22.17h0A122.18,122.18,0,0,0,381,102.39a121.43,121.43,0,0,0,67,20.14Z\"><\/path><\/svg>\t\t\t\t\t<\/a>\n\t\t\t\t<\/span>\n\t\t\t\t\t\t\t<span class=\"elementor-grid-item\" role=\"listitem\">\n\t\t\t\t\t<a class=\"elementor-icon elementor-social-icon elementor-social-icon-instagram elementor-repeater-item-66e192d\" href=\"https:\/\/www.instagram.com\/healthyproteincom\/\" target=\"_blank\" rel=\"noopener\">\n\t\t\t\t\t\t<span class=\"elementor-screen-only\">Instagram<\/span>\n\t\t\t\t\t\t<svg aria-hidden=\"true\" class=\"e-font-icon-svg e-fab-instagram\" viewBox=\"0 0 448 512\" xmlns=\"http:\/\/www.w3.org\/2000\/svg\"><path d=\"M224.1 141c-63.6 0-114.9 51.3-114.9 114.9s51.3 114.9 114.9 114.9S339 319.5 339 255.9 287.7 141 224.1 141zm0 189.6c-41.1 0-74.7-33.5-74.7-74.7s33.5-74.7 74.7-74.7 74.7 33.5 74.7 74.7-33.6 74.7-74.7 74.7zm146.4-194.3c0 14.9-12 26.8-26.8 26.8-14.9 0-26.8-12-26.8-26.8s12-26.8 26.8-26.8 26.8 12 26.8 26.8zm76.1 27.2c-1.7-35.9-9.9-67.7-36.2-93.9-26.2-26.2-58-34.4-93.9-36.2-37-2.1-147.9-2.1-184.9 0-35.8 1.7-67.6 9.9-93.9 36.1s-34.4 58-36.2 93.9c-2.1 37-2.1 147.9 0 184.9 1.7 35.9 9.9 67.7 36.2 93.9s58 34.4 93.9 36.2c37 2.1 147.9 2.1 184.9 0 35.9-1.7 67.7-9.9 93.9-36.2 26.2-26.2 34.4-58 36.2-93.9 2.1-37 2.1-147.8 0-184.8zM398.8 388c-7.8 19.6-22.9 34.7-42.6 42.6-29.5 11.7-99.5 9-132.1 9s-102.7 2.6-132.1-9c-19.6-7.8-34.7-22.9-42.6-42.6-11.7-29.5-9-99.5-9-132.1s-2.6-102.7 9-132.1c7.8-19.6 22.9-34.7 42.6-42.6 29.5-11.7 99.5-9 132.1-9s102.7-2.6 132.1 9c19.6 7.8 34.7 22.9 42.6 42.6 11.7 29.5 9 99.5 9 132.1s2.7 102.7-9 132.1z\"><\/path><\/svg>\t\t\t\t\t<\/a>\n\t\t\t\t<\/span>\n\t\t\t\t\t\t\t<span class=\"elementor-grid-item\" role=\"listitem\">\n\t\t\t\t\t<a class=\"elementor-icon elementor-social-icon elementor-social-icon-facebook elementor-repeater-item-eecbf9b\" href=\"https:\/\/www.facebook.com\/healthyproteincom\" target=\"_blank\" rel=\"noopener\">\n\t\t\t\t\t\t<span class=\"elementor-screen-only\">Facebook<\/span>\n\t\t\t\t\t\t<svg aria-hidden=\"true\" class=\"e-font-icon-svg e-fab-facebook\" viewBox=\"0 0 512 512\" xmlns=\"http:\/\/www.w3.org\/2000\/svg\"><path d=\"M504 256C504 119 393 8 256 8S8 119 8 256c0 123.78 90.69 226.38 209.25 245V327.69h-63V256h63v-54.64c0-62.15 37-96.48 93.67-96.48 27.14 0 55.52 4.84 55.52 4.84v61h-31.28c-30.8 0-40.41 19.12-40.41 38.73V256h68.78l-11 71.69h-57.78V501C413.31 482.38 504 379.78 504 256z\"><\/path><\/svg>\t\t\t\t\t<\/a>\n\t\t\t\t<\/span>\n\t\t\t\t\t\t\t<span class=\"elementor-grid-item\" role=\"listitem\">\n\t\t\t\t\t<a class=\"elementor-icon elementor-social-icon elementor-social-icon-x-twitter elementor-repeater-item-f51a041\" href=\"https:\/\/x.com\/healthyxprotein\" target=\"_blank\">\n\t\t\t\t\t\t<span class=\"elementor-screen-only\">X-twitter<\/span>\n\t\t\t\t\t\t<svg aria-hidden=\"true\" class=\"e-font-icon-svg e-fab-x-twitter\" viewBox=\"0 0 512 512\" xmlns=\"http:\/\/www.w3.org\/2000\/svg\"><path d=\"M389.2 48h70.6L305.6 224.2 487 464H345L233.7 318.6 106.5 464H35.8L200.7 275.5 26.8 48H172.4L272.9 180.9 389.2 48zM364.4 421.8h39.1L151.1 88h-42L364.4 421.8z\"><\/path><\/svg>\t\t\t\t\t<\/a>\n\t\t\t\t<\/span>\n\t\t\t\t\t<\/div>\n\t\t\t\t\t\t<\/div>\n\t\t\t\t<\/div>\n\t\t\t\t\t<\/div>\n\t\t\t\t<\/div>\n\t\t<div class=\"elementor-element elementor-element-3054b76 e-flex e-con-boxed e-con e-parent\" data-id=\"3054b76\" data-element_type=\"container\" data-e-type=\"container\">\n\t\t\t\t\t<div class=\"e-con-inner\">\n\t\t<div class=\"elementor-element elementor-element-1e91fd6 e-con-full e-flex e-con e-child\" data-id=\"1e91fd6\" data-element_type=\"container\" data-e-type=\"container\">\n\t\t\t\t<div class=\"elementor-element elementor-element-0b34784 elementor-widget elementor-widget-heading\" data-id=\"0b34784\" data-element_type=\"widget\" data-e-type=\"widget\" data-widget_type=\"heading.default\">\n\t\t\t\t<div class=\"elementor-widget-container\">\n\t\t\t\t\t<h2 class=\"elementor-heading-title elementor-size-default\">Meie lugu<\/h2>\t\t\t\t<\/div>\n\t\t\t\t<\/div>\n\t\t\t\t<div class=\"elementor-element elementor-element-4dcd62b elementor-widget elementor-widget-text-editor\" data-id=\"4dcd62b\" data-element_type=\"widget\" data-e-type=\"widget\" data-widget_type=\"text-editor.default\">\n\t\t\t\t<div class=\"elementor-widget-container\">\n\t\t\t\t\t\t\t\t\tHealthy Protein sai alguse peaaegu k\u00fcmme aastat tagasi isiklikust kirest toiduvalmistamise ja retseptide loomise vastu. K\u00f5hna teismelisena \u00fcles kasvades inspireerisid mind erinevad fitness suunamudijate videod ja soov toitumisest \u00fcldiselt paremini aru saada. Sel ajal tundus, et fookus oli rangelt piiravatel dieetidel \u2013 n\u00e4iteks ainult salati ja kala s\u00f6\u00f6mine. Aja jooksul avastasin, et \u00f5ige dieedi v\u00f5ti ei ole piirav s\u00f6\u00f6mine, vaid makrode tasakaalustamise, koostisosade targalt valimine ja toidu ning selle valmistamine nauditavaks muutmise \u00f5ppimine. Hakkasin seej\u00e4rel looma retsepte, mis tasakaalustavad suurep\u00e4rase maitse, lihtsuse ja tervislikumad valikud. Usun, et aeg-ajalt kiirtoidu ja \u201ccheat mealidega\u201d patustamine v\u00f5i eesm\u00e4rkidelt kukkumine on t\u00e4iesti normaalne, kui omada teadmisi, kuidas \u00f5igele teele tagasi saada ja erinevad toidud planeeritult oma dieeti sobitada. T\u00e4naseks on Healthy Protein p\u00fchendunud sellele, et aidata k\u00f5igil teie toiduteekondadel saada l\u00e4bi meie lihtsate ja maitsvate retseptide oma toidulauale tasakaal, huvi kokkamise vastu ja hea \u00fclevaade sellest, mida me s\u00f6\u00f6me.\t\t\t\t\t\t\t\t<\/div>\n\t\t\t\t<\/div>\n\t\t\t\t<\/div>\n\t\t<div class=\"elementor-element elementor-element-472aca0 e-con-full e-flex e-con e-child\" data-id=\"472aca0\" data-element_type=\"container\" data-e-type=\"container\">\n\t\t\t\t<div class=\"elementor-element elementor-element-678ae8d elementor-widget elementor-widget-image\" data-id=\"678ae8d\" data-element_type=\"widget\" data-e-type=\"widget\" data-widget_type=\"image.default\">\n\t\t\t\t<div class=\"elementor-widget-container\">\n\t\t\t\t\t\t\t\t\t\t\t\t\t\t\t<img decoding=\"async\" width=\"1200\" height=\"900\" src=\"https:\/\/healthyprotein.com\/wp-content\/uploads\/2024\/10\/Healthy-Protein-about-us.jpg\" class=\"attachment-full size-full wp-image-5053\" alt=\"\" srcset=\"https:\/\/healthyprotein.com\/wp-content\/uploads\/2024\/10\/Healthy-Protein-about-us.jpg 1200w, https:\/\/healthyprotein.com\/wp-content\/uploads\/2024\/10\/Healthy-Protein-about-us-300x225.jpg 300w, https:\/\/healthyprotein.com\/wp-content\/uploads\/2024\/10\/Healthy-Protein-about-us-1024x768.jpg 1024w, https:\/\/healthyprotein.com\/wp-content\/uploads\/2024\/10\/Healthy-Protein-about-us-768x576.jpg 768w, https:\/\/healthyprotein.com\/wp-content\/uploads\/2024\/10\/Healthy-Protein-about-us-500x375.jpg 500w\" sizes=\"(max-width: 1200px) 100vw, 1200px\" \/>\t\t\t\t\t\t\t\t\t\t\t\t\t\t\t<\/div>\n\t\t\t\t<\/div>\n\t\t\t\t<\/div>\n\t\t\t\t\t<\/div>\n\t\t\t\t<\/div>\n\t\t<div class=\"elementor-element elementor-element-1b326ac e-flex e-con-boxed e-con e-parent\" data-id=\"1b326ac\" data-element_type=\"container\" data-e-type=\"container\" data-settings=\"{&quot;background_background&quot;:&quot;classic&quot;}\">\n\t\t\t\t\t<div class=\"e-con-inner\">\n\t\t<div class=\"elementor-element elementor-element-293eb29 e-con-full e-flex e-con e-child\" data-id=\"293eb29\" data-element_type=\"container\" data-e-type=\"container\">\n\t\t\t\t<div class=\"elementor-element elementor-element-4c7976f elementor-widget elementor-widget-heading\" data-id=\"4c7976f\" data-element_type=\"widget\" data-e-type=\"widget\" data-widget_type=\"heading.default\">\n\t\t\t\t<div class=\"elementor-widget-container\">\n\t\t\t\t\t<div class=\"elementor-heading-title elementor-size-default\">Liitu meie uudiskirjaga!<\/div>\t\t\t\t<\/div>\n\t\t\t\t<\/div>\n\t\t\t\t<div class=\"elementor-element elementor-element-ecdef51 elementor-widget elementor-widget-text-editor\" data-id=\"ecdef51\" data-element_type=\"widget\" data-e-type=\"widget\" data-widget_type=\"text-editor.default\">\n\t\t\t\t<div class=\"elementor-widget-container\">\n\t\t\t\t\t\t\t\t\tLiitu Healthy Protein uudiskirjaga ja saad esimesena info uutest retseptides ja kasulikust infost toitumise kohta.\t\t\t\t\t\t\t\t<\/div>\n\t\t\t\t<\/div>\n\t\t\t\t<\/div>\n\t\t<div class=\"elementor-element elementor-element-e22c988 e-con-full e-flex e-con e-child\" data-id=\"e22c988\" data-element_type=\"container\" data-e-type=\"container\">\n\t\t\t\t<div class=\"elementor-element elementor-element-f5a37a3 elementor-button-align-stretch elementor-widget elementor-widget-form\" data-id=\"f5a37a3\" data-element_type=\"widget\" data-e-type=\"widget\" data-settings=\"{&quot;button_width&quot;:&quot;20&quot;,&quot;step_next_label&quot;:&quot;J\\u00e4rgmine&quot;,&quot;step_previous_label&quot;:&quot;Eelmine&quot;,&quot;step_type&quot;:&quot;number_text&quot;,&quot;step_icon_shape&quot;:&quot;circle&quot;}\" data-widget_type=\"form.default\">\n\t\t\t\t<div class=\"elementor-widget-container\">\n\t\t\t\t\t\t\t<form class=\"elementor-form\" method=\"post\" name=\"New Form\" aria-label=\"New Form\">\n\t\t\t<input type=\"hidden\" name=\"post_id\" value=\"5208\"\/>\n\t\t\t<input type=\"hidden\" name=\"form_id\" value=\"f5a37a3\"\/>\n\t\t\t<input type=\"hidden\" name=\"referer_title\" value=\"Meist - Healthy Protein\" \/>\n\n\t\t\t\t\t\t\t<input type=\"hidden\" name=\"queried_id\" value=\"5208\"\/>\n\t\t\t\n\t\t\t<div class=\"elementor-form-fields-wrapper elementor-labels-\">\n\t\t\t\t\t\t\t\t<div class=\"elementor-field-type-text elementor-field-group elementor-column elementor-field-group-name elementor-col-40 elementor-field-required\">\n\t\t\t\t\t\t\t\t\t\t\t\t<label for=\"form-field-name\" class=\"elementor-field-label elementor-screen-only\">\n\t\t\t\t\t\t\t\tEesnimi\t\t\t\t\t\t\t<\/label>\n\t\t\t\t\t\t\t\t\t\t\t\t\t\t<input size=\"1\" type=\"text\" name=\"form_fields[name]\" id=\"form-field-name\" class=\"elementor-field elementor-size-sm  elementor-field-textual\" placeholder=\"Eesnimi\" required=\"required\">\n\t\t\t\t\t\t\t\t\t\t\t<\/div>\n\t\t\t\t\t\t\t\t<div class=\"elementor-field-type-email elementor-field-group elementor-column elementor-field-group-email elementor-col-40 elementor-field-required\">\n\t\t\t\t\t\t\t\t\t\t\t\t<label for=\"form-field-email\" class=\"elementor-field-label elementor-screen-only\">\n\t\t\t\t\t\t\t\tEmail\t\t\t\t\t\t\t<\/label>\n\t\t\t\t\t\t\t\t\t\t\t\t\t\t<input size=\"1\" type=\"email\" name=\"form_fields[email]\" id=\"form-field-email\" class=\"elementor-field elementor-size-sm  elementor-field-textual\" placeholder=\"Email\" required=\"required\">\n\t\t\t\t\t\t\t\t\t\t\t<\/div>\n\t\t\t\t\t\t\t\t<div class=\"elementor-field-type-text\">\n\t\t\t\t\t<input size=\"1\" type=\"text\" name=\"form_fields[field_d67bc63]\" id=\"form-field-field_d67bc63\" class=\"elementor-field elementor-size-sm \" style=\"display:none !important;\">\t\t\t\t<\/div>\n\t\t\t\t\t\t\t\t<div class=\"elementor-field-group elementor-column elementor-field-type-submit elementor-col-20 e-form__buttons\">\n\t\t\t\t\t<button class=\"elementor-button elementor-size-sm\" type=\"submit\">\n\t\t\t\t\t\t<span class=\"elementor-button-content-wrapper\">\n\t\t\t\t\t\t\t\t\t\t\t\t\t\t\t\t\t\t\t\t\t\t<span class=\"elementor-button-text\">Saada<\/span>\n\t\t\t\t\t\t\t\t\t\t\t\t\t<\/span>\n\t\t\t\t\t<\/button>\n\t\t\t\t<\/div>\n\t\t\t<\/div>\n\t\t<\/form>\n\t\t\t\t\t\t<\/div>\n\t\t\t\t<\/div>\n\t\t\t\t<\/div>\n\t\t\t\t\t<\/div>\n\t\t\t\t<\/div>\n\t\t<div class=\"elementor-element elementor-element-831eec6 e-flex e-con-boxed e-con e-parent\" data-id=\"831eec6\" data-element_type=\"container\" data-e-type=\"container\">\n\t\t\t\t\t<div class=\"e-con-inner\">\n\t\t\t\t<div class=\"elementor-element elementor-element-91e9f7e elementor-widget elementor-widget-heading\" data-id=\"91e9f7e\" data-element_type=\"widget\" data-e-type=\"widget\" data-widget_type=\"heading.default\">\n\t\t\t\t<div class=\"elementor-widget-container\">\n\t\t\t\t\t<h2 class=\"elementor-heading-title elementor-size-default\">Kuidas oma retsepte loome?<\/h2>\t\t\t\t<\/div>\n\t\t\t\t<\/div>\n\t\t\t\t<div class=\"elementor-element elementor-element-fb4e31d elementor-widget elementor-widget-text-editor\" data-id=\"fb4e31d\" data-element_type=\"widget\" data-e-type=\"widget\" data-widget_type=\"text-editor.default\">\n\t\t\t\t<div class=\"elementor-widget-container\">\n\t\t\t\t\t\t\t\t\t<p>Healthy Proteini retseptid on koostatud nii, et need oleks v\u00f5imalikult kergesti valmistatavad, hea \u00fclevaatega toitev\u00e4\u00e4rtusest ja koostisosadest ja mis k\u00f5ige t\u00e4htsam, maitsvad!<br \/><br \/><\/p><p>Meie jaoks on t\u00e4htis:<\/p><ul><li><strong>Lihtsus<\/strong>: meie retseptidel on selged valmistamise juhiseid ja nipid, hea \u00fclevaade koostisosadest koos piltidega, ning enamustele retseptidele \u00fcritame lisada ka videoid, et muuta toiduvalmistamine v\u00f5imalikult lihtsaks ja stressivabaks.<\/li><li><strong>L\u00e4bipaistvus<\/strong>: iga retsept sisaldab toitumisalast teavet, et teaksite t\u00e4pselt mida valmistatav toit sisaldab. Alates kaloritest kuni valgusisalduseni, aitame teil teha toidu valikul teadlikke otsuseid.<\/li><li><strong>Tervislik suund<\/strong>: v\u00f5imaluse korral loome oma retseptid alati veidi tervislikumas v\u00f5tmes ning lisame neile valikulisi nippe, et valida kaloris\u00f5bralikumad, v\u00e4hem protsessitud ning valgurikkamad koostitosad.<\/li><\/ul><p><br \/>Usume, et toiduvalmistamine ei peaks tunduma t\u00fc\u00fctu kohustusena ega hirmutavalt. \u00d5igete juhiste ja n\u00e4pun\u00e4idete abil saab iga\u00fcks valmistada kodus restorani kvaliteediga eine k\u00f5igest 20 minutiga. Vanadest klassikalistest retseptidest kuni suussulavate cheat mealideni \u2013 n\u00e4itame teile, et tervislik toiduvalmistamine v\u00f5ib olla nii lihtne, kui ka nauditav osa elust. Loodame t\u00f5esti, et meie retseptid inspireerivad teid sagedamini s\u00fc\u00fca tegema ja v\u00f5tma omaks positiivset suhtumist tervislikku toitumisse ja kokandusse \u2013 isegi kui see on ainult \u00fcks retsept korraga!<\/p>\t\t\t\t\t\t\t\t<\/div>\n\t\t\t\t<\/div>\n\t\t\t\t\t<\/div>\n\t\t\t\t<\/div>\n\t\t<div class=\"elementor-element elementor-element-63573ba e-flex e-con-boxed e-con e-parent\" data-id=\"63573ba\" data-element_type=\"container\" data-e-type=\"container\">\n\t\t\t\t\t<div class=\"e-con-inner\">\n\t\t<div class=\"elementor-element elementor-element-00540c1 e-con-full e-flex e-con e-child\" data-id=\"00540c1\" data-element_type=\"container\" data-e-type=\"container\">\n\t\t\t\t<div class=\"elementor-element elementor-element-4a02305 elementor-widget elementor-widget-image\" data-id=\"4a02305\" data-element_type=\"widget\" data-e-type=\"widget\" data-widget_type=\"image.default\">\n\t\t\t\t<div class=\"elementor-widget-container\">\n\t\t\t\t\t\t\t\t\t\t\t\t\t\t\t<img decoding=\"async\" width=\"1200\" height=\"1200\" src=\"https:\/\/healthyprotein.com\/wp-content\/uploads\/2024\/10\/Jaanus-Healthy-Protein.jpg\" class=\"attachment-full size-full wp-image-5054\" alt=\"\" srcset=\"https:\/\/healthyprotein.com\/wp-content\/uploads\/2024\/10\/Jaanus-Healthy-Protein.jpg 1200w, https:\/\/healthyprotein.com\/wp-content\/uploads\/2024\/10\/Jaanus-Healthy-Protein-300x300.jpg 300w, https:\/\/healthyprotein.com\/wp-content\/uploads\/2024\/10\/Jaanus-Healthy-Protein-1024x1024.jpg 1024w, https:\/\/healthyprotein.com\/wp-content\/uploads\/2024\/10\/Jaanus-Healthy-Protein-150x150.jpg 150w, https:\/\/healthyprotein.com\/wp-content\/uploads\/2024\/10\/Jaanus-Healthy-Protein-768x768.jpg 768w, https:\/\/healthyprotein.com\/wp-content\/uploads\/2024\/10\/Jaanus-Healthy-Protein-500x500.jpg 500w\" sizes=\"(max-width: 1200px) 100vw, 1200px\" \/>\t\t\t\t\t\t\t\t\t\t\t\t\t\t\t<\/div>\n\t\t\t\t<\/div>\n\t\t\t\t<\/div>\n\t\t<div class=\"elementor-element elementor-element-1c6e6e0 e-con-full e-flex e-con e-child\" data-id=\"1c6e6e0\" data-element_type=\"container\" data-e-type=\"container\">\n\t\t\t\t<div class=\"elementor-element elementor-element-91a3c58 elementor-widget elementor-widget-heading\" data-id=\"91a3c58\" data-element_type=\"widget\" data-e-type=\"widget\" data-widget_type=\"heading.default\">\n\t\t\t\t<div class=\"elementor-widget-container\">\n\t\t\t\t\t<div class=\"elementor-heading-title elementor-size-default\">Jaanus<\/div>\t\t\t\t<\/div>\n\t\t\t\t<\/div>\n\t\t\t\t<div class=\"elementor-element elementor-element-e2f5628 elementor-widget elementor-widget-text-editor\" data-id=\"e2f5628\" data-element_type=\"widget\" data-e-type=\"widget\" data-widget_type=\"text-editor.default\">\n\t\t\t\t<div class=\"elementor-widget-container\">\n\t\t\t\t\t\t\t\t\t<p>Omades \u00f5igusteaduse ja \u00e4rivaldkonna tausta, on mul juba teismelise east saati olnud kirg kokanduse, spordi ja tervisliku toitumise vastu. Retsepte luues p\u00fc\u00fcan alati leida parima tasakaalu maitses, lihtsuses ja toitev\u00e4\u00e4rtuses. Minu eesm\u00e4rk on tuua teieni parimad retseptid nende parimas vormis ja n\u00e4idata, et tervislikum kokkamine on lihtsam, kui arvate.<\/p>\t\t\t\t\t\t\t\t<\/div>\n\t\t\t\t<\/div>\n\t\t\t\t<div class=\"elementor-element elementor-element-597f3f1 elementor-mobile-align-center elementor-widget elementor-widget-button\" data-id=\"597f3f1\" data-element_type=\"widget\" data-e-type=\"widget\" data-widget_type=\"button.default\">\n\t\t\t\t<div class=\"elementor-widget-container\">\n\t\t\t\t\t\t\t\t\t<div class=\"elementor-button-wrapper\">\n\t\t\t\t\t<a class=\"elementor-button elementor-button-link elementor-size-sm\" href=\"https:\/\/healthyprotein.com\/et\/author\/jaanus\/\">\n\t\t\t\t\t\t<span class=\"elementor-button-content-wrapper\">\n\t\t\t\t\t\t\t\t\t<span class=\"elementor-button-text\">Loe lisa<\/span>\n\t\t\t\t\t<\/span>\n\t\t\t\t\t<\/a>\n\t\t\t\t<\/div>\n\t\t\t\t\t\t\t\t<\/div>\n\t\t\t\t<\/div>\n\t\t\t\t<\/div>\n\t\t\t\t\t<\/div>\n\t\t\t\t<\/div>\n\t\t<div class=\"elementor-element elementor-element-9477563 e-flex e-con-boxed e-con e-parent\" data-id=\"9477563\" data-element_type=\"container\" data-e-type=\"container\">\n\t\t\t\t\t<div class=\"e-con-inner\">\n\t\t<div class=\"elementor-element elementor-element-75d517b e-con-full e-flex e-con e-child\" data-id=\"75d517b\" data-element_type=\"container\" data-e-type=\"container\">\n\t\t\t\t<div class=\"elementor-element elementor-element-d3f94a6 elementor-widget elementor-widget-image\" data-id=\"d3f94a6\" data-element_type=\"widget\" data-e-type=\"widget\" data-widget_type=\"image.default\">\n\t\t\t\t<div class=\"elementor-widget-container\">\n\t\t\t\t\t\t\t\t\t\t\t\t\t\t\t<img decoding=\"async\" width=\"1200\" height=\"1200\" src=\"https:\/\/healthyprotein.com\/wp-content\/uploads\/2024\/10\/Joosep-Healthy-Protein.jpg\" class=\"attachment-full size-full wp-image-5055\" alt=\"\" srcset=\"https:\/\/healthyprotein.com\/wp-content\/uploads\/2024\/10\/Joosep-Healthy-Protein.jpg 1200w, https:\/\/healthyprotein.com\/wp-content\/uploads\/2024\/10\/Joosep-Healthy-Protein-300x300.jpg 300w, https:\/\/healthyprotein.com\/wp-content\/uploads\/2024\/10\/Joosep-Healthy-Protein-1024x1024.jpg 1024w, https:\/\/healthyprotein.com\/wp-content\/uploads\/2024\/10\/Joosep-Healthy-Protein-150x150.jpg 150w, https:\/\/healthyprotein.com\/wp-content\/uploads\/2024\/10\/Joosep-Healthy-Protein-768x768.jpg 768w, https:\/\/healthyprotein.com\/wp-content\/uploads\/2024\/10\/Joosep-Healthy-Protein-500x500.jpg 500w\" sizes=\"(max-width: 1200px) 100vw, 1200px\" \/>\t\t\t\t\t\t\t\t\t\t\t\t\t\t\t<\/div>\n\t\t\t\t<\/div>\n\t\t\t\t<\/div>\n\t\t<div class=\"elementor-element elementor-element-0927f55 e-con-full e-flex e-con e-child\" data-id=\"0927f55\" data-element_type=\"container\" data-e-type=\"container\">\n\t\t\t\t<div class=\"elementor-element elementor-element-10aeb99 elementor-widget elementor-widget-heading\" data-id=\"10aeb99\" data-element_type=\"widget\" data-e-type=\"widget\" data-widget_type=\"heading.default\">\n\t\t\t\t<div class=\"elementor-widget-container\">\n\t\t\t\t\t<div class=\"elementor-heading-title elementor-size-default\">Joosep<\/div>\t\t\t\t<\/div>\n\t\t\t\t<\/div>\n\t\t\t\t<div class=\"elementor-element elementor-element-fb90c5c elementor-widget elementor-widget-text-editor\" data-id=\"fb90c5c\" data-element_type=\"widget\" data-e-type=\"widget\" data-widget_type=\"text-editor.default\">\n\t\t\t\t<div class=\"elementor-widget-container\">\n\t\t\t\t\t\t\t\t\t<p>Minu \u201cp\u00e4evat\u00f6\u00f6\u201d on seotud IT ja turundusega, kuid enne IT-d oli minu kireks kokkamine. Kuna sport ja tervis on minu jaoks t\u00e4htsal kohal, olen viimastel aastatel pigem proovinud klassikalisi retsepte tuunida selliselt, et need oleksid v\u00e4iksema kaloraasiga ning samas proteiini- ja toitainerikkad.<\/p>\t\t\t\t\t\t\t\t<\/div>\n\t\t\t\t<\/div>\n\t\t\t\t<div class=\"elementor-element elementor-element-6f11430 elementor-mobile-align-center elementor-widget elementor-widget-button\" data-id=\"6f11430\" data-element_type=\"widget\" data-e-type=\"widget\" data-widget_type=\"button.default\">\n\t\t\t\t<div class=\"elementor-widget-container\">\n\t\t\t\t\t\t\t\t\t<div class=\"elementor-button-wrapper\">\n\t\t\t\t\t<a class=\"elementor-button elementor-button-link elementor-size-sm\" href=\"https:\/\/healthyprotein.com\/et\/author\/joss\/\">\n\t\t\t\t\t\t<span class=\"elementor-button-content-wrapper\">\n\t\t\t\t\t\t\t\t\t<span class=\"elementor-button-text\">Loe lisa<\/span>\n\t\t\t\t\t<\/span>\n\t\t\t\t\t<\/a>\n\t\t\t\t<\/div>\n\t\t\t\t\t\t\t\t<\/div>\n\t\t\t\t<\/div>\n\t\t\t\t<\/div>\n\t\t\t\t\t<\/div>\n\t\t\t\t<\/div>\n\t\t\t\t<\/div>\n\t\t","protected":false},"excerpt":{"rendered":"<p>Meist Toiduvalmistamine ei pea olema keeruline, aegan\u00f5udev ega kallis. Healthy Proteinis usume, et isegi v\u00e4hese juhendamisega suudab iga\u00fcks h\u00e4sti kokata ja valmistada maitsvaid ja v\u00e4rskeid eineid igaks olukorraks. Olenemata sellest, kas soovite s\u00fc\u00fca tervislikumalt, m\u00f5ista paremini toitev\u00e4\u00e4rtusi, v\u00f5i lihtsalt leida inspiratsiooni oma j\u00e4rgmiseks toidukorraks, olete \u00f5iges kohas! Healthy Protein on siin selleks, et aidata teil [&hellip;]<\/p>\n","protected":false},"author":1,"featured_media":0,"parent":0,"menu_order":0,"comment_status":"closed","ping_status":"closed","template":"","meta":{"wprm-recipe-roundup-name":"","wprm-recipe-roundup-description":"","footnotes":""},"class_list":["post-5208","page","type-page","status-publish","hentry"],"_links":{"self":[{"href":"https:\/\/healthyprotein.com\/et\/wp-json\/wp\/v2\/pages\/5208","targetHints":{"allow":["GET"]}}],"collection":[{"href":"https:\/\/healthyprotein.com\/et\/wp-json\/wp\/v2\/pages"}],"about":[{"href":"https:\/\/healthyprotein.com\/et\/wp-json\/wp\/v2\/types\/page"}],"author":[{"embeddable":true,"href":"https:\/\/healthyprotein.com\/et\/wp-json\/wp\/v2\/users\/1"}],"replies":[{"embeddable":true,"href":"https:\/\/healthyprotein.com\/et\/wp-json\/wp\/v2\/comments?post=5208"}],"version-history":[{"count":0,"href":"https:\/\/healthyprotein.com\/et\/wp-json\/wp\/v2\/pages\/5208\/revisions"}],"wp:attachment":[{"href":"https:\/\/healthyprotein.com\/et\/wp-json\/wp\/v2\/media?parent=5208"}],"curies":[{"name":"wp","href":"https:\/\/api.w.org\/{rel}","templated":true}]}}