{"id":5138,"date":"2024-12-11T13:16:40","date_gmt":"2024-12-11T10:16:40","guid":{"rendered":"https:\/\/healthyprotein.com\/contact-us\/"},"modified":"2025-02-10T10:20:47","modified_gmt":"2025-02-10T07:20:47","slug":"kontakt","status":"publish","type":"page","link":"https:\/\/healthyprotein.com\/et\/kontakt\/","title":{"rendered":"Kontakt"},"content":{"rendered":"\t\t<div data-elementor-type=\"wp-page\" data-elementor-id=\"5138\" class=\"elementor elementor-5138 elementor-4747\" data-elementor-post-type=\"page\">\n\t\t\t\t<div class=\"elementor-element elementor-element-1344fdd e-flex e-con-boxed e-con e-parent\" data-id=\"1344fdd\" data-element_type=\"container\" data-e-type=\"container\">\n\t\t\t\t\t<div class=\"e-con-inner\">\n\t\t\t\t<div class=\"elementor-element elementor-element-a162296 elementor-widget elementor-widget-heading\" data-id=\"a162296\" data-element_type=\"widget\" data-e-type=\"widget\" data-widget_type=\"heading.default\">\n\t\t\t\t<div class=\"elementor-widget-container\">\n\t\t\t\t\t<h1 class=\"elementor-heading-title elementor-size-default\">Kontakt<\/h1>\t\t\t\t<\/div>\n\t\t\t\t<\/div>\n\t\t\t\t<div class=\"elementor-element elementor-element-54a5c7c elementor-widget elementor-widget-text-editor\" data-id=\"54a5c7c\" data-element_type=\"widget\" data-e-type=\"widget\" data-widget_type=\"text-editor.default\">\n\t\t\t\t<div class=\"elementor-widget-container\">\n\t\t\t\t\t\t\t\t\t<h2 class=\"fusion-responsive-typography-calculated\" data-fontsize=\"24\" data-lineheight=\"28.8px\">Koost\u00f6\u00f6<\/h2>\n<p>Kui teil on koost\u00f6\u00f6, k\u00fclalistepostituse ettepanek v\u00f5i midagi muud, mida jagada, siis saatke meile e-kiri aadressil <a href=\"mailto:hello@healthyprotein.com\">hello@healthyprotein.com<\/a>.<\/p>\n<h2 class=\"fusion-responsive-typography-calculated\" data-fontsize=\"24\" data-lineheight=\"28.8px\">Reklaam<\/h2>\n<p>Soovid meie lehel reklaamida? Kirjuta oma plaanist siin: <a href=\"mailto:hello@healthyprotein.com\">hello@healthyprotein.com<\/a>. <\/p>\n\t\t\t\t\t\t\t\t<\/div>\n\t\t\t\t<\/div>\n\t\t\t\t\t<\/div>\n\t\t\t\t<\/div>\n\t\t\t\t<\/div>\n\t\t","protected":false},"excerpt":{"rendered":"<p>Kontakt Koost\u00f6\u00f6 Kui teil on koost\u00f6\u00f6, k\u00fclalistepostituse ettepanek v\u00f5i midagi muud, mida jagada, siis saatke meile e-kiri aadressil hello@healthyprotein.com. Reklaam Soovid meie lehel reklaamida? Kirjuta oma plaanist siin: hello@healthyprotein.com.<\/p>\n","protected":false},"author":2,"featured_media":0,"parent":0,"menu_order":0,"comment_status":"closed","ping_status":"closed","template":"","meta":{"wprm-recipe-roundup-name":"","wprm-recipe-roundup-description":"","footnotes":""},"class_list":["post-5138","page","type-page","status-publish","hentry"],"_links":{"self":[{"href":"https:\/\/healthyprotein.com\/et\/wp-json\/wp\/v2\/pages\/5138","targetHints":{"allow":["GET"]}}],"collection":[{"href":"https:\/\/healthyprotein.com\/et\/wp-json\/wp\/v2\/pages"}],"about":[{"href":"https:\/\/healthyprotein.com\/et\/wp-json\/wp\/v2\/types\/page"}],"author":[{"embeddable":true,"href":"https:\/\/healthyprotein.com\/et\/wp-json\/wp\/v2\/users\/2"}],"replies":[{"embeddable":true,"href":"https:\/\/healthyprotein.com\/et\/wp-json\/wp\/v2\/comments?post=5138"}],"version-history":[{"count":0,"href":"https:\/\/healthyprotein.com\/et\/wp-json\/wp\/v2\/pages\/5138\/revisions"}],"wp:attachment":[{"href":"https:\/\/healthyprotein.com\/et\/wp-json\/wp\/v2\/media?parent=5138"}],"curies":[{"name":"wp","href":"https:\/\/api.w.org\/{rel}","templated":true}]}}